{"id":8845,"date":"2023-11-24T17:11:12","date_gmt":"2023-11-24T20:11:12","guid":{"rendered":"https:\/\/hzhockets.com\/start-free\/"},"modified":"2023-12-04T15:56:43","modified_gmt":"2023-12-04T18:56:43","slug":"start-free","status":"publish","type":"page","link":"https:\/\/hzhockets.com\/en\/start-free\/","title":{"rendered":"Start Free"},"content":{"rendered":"\t\t<div data-elementor-type=\"wp-page\" data-elementor-id=\"8845\" class=\"elementor elementor-8845 elementor-8675\" data-elementor-post-type=\"page\">\n\t\t\t\t\t\t\t\t\t<section class=\"elementor-section elementor-top-section elementor-element elementor-element-a825fc0 elementor-section-full_width elementor-section-height-default elementor-section-height-default\" data-id=\"a825fc0\" data-element_type=\"section\" data-settings=\"{&quot;background_background&quot;:&quot;classic&quot;}\">\n\t\t\t\t\t\t<div class=\"elementor-container elementor-column-gap-default\">\n\t\t\t\t\t<div class=\"elementor-column elementor-col-33 elementor-top-column elementor-element elementor-element-ce34fe5\" data-id=\"ce34fe5\" data-element_type=\"column\">\n\t\t\t<div class=\"elementor-widget-wrap\">\n\t\t\t\t\t\t\t\t\t<\/div>\n\t\t<\/div>\n\t\t\t\t<div class=\"elementor-column elementor-col-33 elementor-top-column elementor-element elementor-element-607ac77 elementor-hidden-tablet elementor-hidden-mobile\" data-id=\"607ac77\" data-element_type=\"column\" data-settings=\"{&quot;background_background&quot;:&quot;classic&quot;}\">\n\t\t\t<div class=\"elementor-widget-wrap elementor-element-populated\">\n\t\t\t\t\t\t\t\t<div class=\"elementor-element elementor-element-9b04492 elementor-widget elementor-widget-heading\" data-id=\"9b04492\" data-element_type=\"widget\" data-widget_type=\"heading.default\">\n\t\t\t\t<div class=\"elementor-widget-container\">\n\t\t\t<style>\/*! elementor - v3.15.0 - 20-08-2023 *\/\n.elementor-heading-title{padding:0;margin:0;line-height:1}.elementor-widget-heading .elementor-heading-title[class*=elementor-size-]>a{color:inherit;font-size:inherit;line-height:inherit}.elementor-widget-heading .elementor-heading-title.elementor-size-small{font-size:15px}.elementor-widget-heading .elementor-heading-title.elementor-size-medium{font-size:19px}.elementor-widget-heading .elementor-heading-title.elementor-size-large{font-size:29px}.elementor-widget-heading .elementor-heading-title.elementor-size-xl{font-size:39px}.elementor-widget-heading .elementor-heading-title.elementor-size-xxl{font-size:59px}<\/style><h2 class=\"elementor-heading-title elementor-size-default\">Create your account and try it free for 7 days<\/h2>\t\t<\/div>\n\t\t\t\t<\/div>\n\t\t\t\t<div class=\"elementor-element elementor-element-e00a277 elementor-widget elementor-widget-meafe-cf7\" data-id=\"e00a277\" data-element_type=\"widget\" data-widget_type=\"meafe-cf7.default\">\n\t\t\t\t<div class=\"elementor-widget-container\">\n\t\t\t\n<div class=\"wpcf7 no-js\" id=\"wpcf7-f9011-o1\" lang=\"pt-BR\" dir=\"ltr\">\n<div class=\"screen-reader-response\"><p role=\"status\" aria-live=\"polite\" aria-atomic=\"true\"><\/p> <ul><\/ul><\/div>\n<form action=\"\/en\/wp-json\/wp\/v2\/pages\/8845#wpcf7-f9011-o1\" method=\"post\" class=\"wpcf7-form init meafe-cf7-form form-content\" aria-label=\"Formul\u00e1rios de contato\" novalidate=\"novalidate\" data-status=\"init\">\n<div style=\"display: none;\">\n<input type=\"hidden\" name=\"_wpcf7\" value=\"9011\" \/>\n<input type=\"hidden\" name=\"_wpcf7_version\" value=\"5.8\" \/>\n<input type=\"hidden\" name=\"_wpcf7_locale\" value=\"pt_BR\" \/>\n<input type=\"hidden\" name=\"_wpcf7_unit_tag\" value=\"wpcf7-f9011-o1\" \/>\n<input type=\"hidden\" name=\"_wpcf7_container_post\" value=\"0\" \/>\n<input type=\"hidden\" name=\"_wpcf7_posted_data_hash\" value=\"\" \/>\n<\/div>\n<p><label> Nome Completo<br \/>\n<span class=\"wpcf7-form-control-wrap\" data-name=\"nome\"><input size=\"40\" class=\"wpcf7-form-control wpcf7-text wpcf7-validates-as-required\" aria-required=\"true\" aria-invalid=\"false\" value=\"\" type=\"text\" name=\"nome\" \/><\/span><\/label>\n<\/p>\n<p><label>E-mail<br \/>\n<span class=\"wpcf7-form-control-wrap\" data-name=\"email\"><input size=\"40\" class=\"wpcf7-form-control wpcf7-email wpcf7-validates-as-required wpcf7-text wpcf7-validates-as-email\" aria-required=\"true\" aria-invalid=\"false\" value=\"\" type=\"email\" name=\"email\" \/><\/span><\/label>\n<\/p>\n<p><label> Telefone<br \/>\n<span class=\"wpcf7-form-control-wrap\" data-name=\"tel\"><input size=\"40\" class=\"wpcf7-form-control wpcf7-tel wpcf7-validates-as-required wpcf7-text wpcf7-validates-as-tel\" aria-required=\"true\" aria-invalid=\"false\" value=\"\" type=\"tel\" name=\"tel\" \/><\/span><\/label>\n<\/p>\n<p><label> Nome da Empresa<br \/>\n<span class=\"wpcf7-form-control-wrap\" data-name=\"nomedaempresa\"><input size=\"40\" class=\"wpcf7-form-control wpcf7-text\" aria-invalid=\"false\" value=\"\" type=\"text\" name=\"nomedaempresa\" \/><\/span><\/label>\n<\/p>\n<p><label>Tipo de Empresa<br \/>\n<span class=\"wpcf7-form-control-wrap\" data-name=\"empresa\"><select class=\"wpcf7-form-control wpcf7-select\" aria-invalid=\"false\" name=\"empresa\"><option value=\"\"><\/option><option value=\"MEI, micro e pequenas empresas\">MEI, micro e pequenas empresas<\/option><option value=\"M\u00e9dias empresas\">M\u00e9dias empresas<\/option><option value=\"Grandes empresas\">Grandes empresas<\/option><\/select><\/span><\/label>\n<\/p>\n<p><label>Segmento<br \/>\n<span class=\"wpcf7-form-control-wrap\" data-name=\"segmento\"><select class=\"wpcf7-form-control wpcf7-select\" aria-invalid=\"false\" name=\"segmento\"><option value=\"\"><\/option><option value=\"Constru\u00e7\u00e3o\">Constru\u00e7\u00e3o<\/option><option value=\"Consultoria\">Consultoria<\/option><option value=\"Educa\u00e7\u00e3o\">Educa\u00e7\u00e3o<\/option><option value=\"Energia\">Energia<\/option><option value=\"Servi\u00e7os Financeiros\">Servi\u00e7os Financeiros<\/option><option value=\"Sa\u00fade\">Sa\u00fade<\/option><option value=\"Jur\u00eddico\">Jur\u00eddico<\/option><option value=\"Ind\u00fastria\">Ind\u00fastria<\/option><option value=\"Marketing\">Marketing<\/option><option value=\"Organiza\u00e7\u00e3o N\u00e3o Governamental\">Organiza\u00e7\u00e3o N\u00e3o Governamental<\/option><option value=\"Vendas\">Vendas<\/option><option value=\"Turismo\">Turismo<\/option><option value=\"Tecnologia\">Tecnologia<\/option><option value=\"Telecomunica\u00e7\u00f5es\">Telecomunica\u00e7\u00f5es<\/option><option value=\"Transportes\">Transportes<\/option><option value=\"Outros\">Outros<\/option><\/select><\/span><\/label>\n<\/p>\n<p><label>Cargo<br \/>\n<span class=\"wpcf7-form-control-wrap\" data-name=\"cargo\"><select class=\"wpcf7-form-control wpcf7-select\" aria-invalid=\"false\" name=\"cargo\"><option value=\"\"><\/option><option value=\"Administrativo \/ Financeiro\">Administrativo \/ Financeiro<\/option><option value=\"Recursos Humanos\">Recursos Humanos<\/option><option value=\"TI\/Desenvolvimento de Sistemas\">TI\/Desenvolvimento de Sistemas<\/option><option value=\"Marketing\">Marketing<\/option><option value=\"Opera\u00e7\u00f5es\">Opera\u00e7\u00f5es<\/option><option value=\"Propriet\u00e1rio \/ CEO\">Propriet\u00e1rio \/ CEO<\/option><option value=\"Controle de Vendas\">Controle de Vendas<\/option><option value=\"Controle de Qualidade\">Controle de Qualidade<\/option><option value=\"Vendas\">Vendas<\/option><option value=\"Outros\">Outros<\/option><\/select><\/span><\/label>\n<\/p>\n<p><label>Empregados<br \/>\n<span class=\"wpcf7-form-control-wrap\" data-name=\"empregados\"><select class=\"wpcf7-form-control wpcf7-select\" aria-invalid=\"false\" name=\"empregados\"><option value=\"1-10\">1-10<\/option><option value=\"11-50\">11-50<\/option><option value=\"51-200\">51-200<\/option><option value=\"201-500\">201-500<\/option><option value=\"501-1000\">501-1000<\/option><option value=\"1001-5000\">1001-5000<\/option><option value=\"5001-10000\">5001-10000<\/option><option value=\"10000+\">10000+<\/option><\/select><\/span><\/label>\n<\/p>\n<p><label>Pa\u00eds<br \/>\n<span class=\"wpcf7-form-control-wrap\" data-name=\"Pas\"><select class=\"wpcf7-form-control wpcf7-select\" aria-invalid=\"false\" name=\"Pas\"><option value=\"Brasil\">Brasil<\/option><\/select><\/span><\/label>\n<\/p>\n<p><label>CEP<br \/>\n<span class=\"wpcf7-form-control-wrap\" data-name=\"cep\"><input size=\"40\" class=\"wpcf7-form-control wpcf7-text\" aria-invalid=\"false\" value=\"\" type=\"text\" name=\"cep\" \/><\/span><\/label>\n<\/p>\n<p><label>Endere\u00e7o<br \/>\n<span class=\"wpcf7-form-control-wrap\" data-name=\"endereco\"><input size=\"40\" class=\"wpcf7-form-control wpcf7-text\" aria-invalid=\"false\" value=\"\" type=\"text\" name=\"endereco\" \/><\/span><\/label>\n<\/p>\n<p><label>Complemento<br \/>\n<span class=\"wpcf7-form-control-wrap\" data-name=\"complemento\"><input size=\"40\" class=\"wpcf7-form-control wpcf7-text\" aria-invalid=\"false\" value=\"\" type=\"text\" name=\"complemento\" \/><\/span><\/label>\n<\/p>\n<p><label>Cidade<br \/>\n<span class=\"wpcf7-form-control-wrap\" data-name=\"cidade\"><input size=\"40\" class=\"wpcf7-form-control wpcf7-text\" aria-invalid=\"false\" value=\"\" type=\"text\" name=\"cidade\" \/><\/span><\/label>\n<\/p>\n<p><label>Bairro<br \/>\n<span class=\"wpcf7-form-control-wrap\" data-name=\"bairro\"><input size=\"40\" class=\"wpcf7-form-control wpcf7-text\" aria-invalid=\"false\" value=\"\" type=\"text\" name=\"bairro\" \/><\/span><\/label>\n<\/p>\n<p><label>Estado<br \/>\n<span class=\"wpcf7-form-control-wrap\" data-name=\"estado\"><input size=\"40\" class=\"wpcf7-form-control wpcf7-text\" aria-invalid=\"false\" value=\"\" type=\"text\" name=\"estado\" \/><\/span><\/label>\n<\/p>\n<p><input class=\"wpcf7-form-control wpcf7-submit has-spinner\" type=\"submit\" value=\"Registrar agora\" \/>\n<\/p><div class=\"wpcf7-response-output\" aria-hidden=\"true\"><\/div>\n<\/form>\n<\/div>\n\t\t<\/div>\n\t\t\t\t<\/div>\n\t\t\t\t\t<\/div>\n\t\t<\/div>\n\t\t\t\t<div class=\"elementor-column elementor-col-33 elementor-top-column elementor-element elementor-element-f32b78f\" data-id=\"f32b78f\" data-element_type=\"column\">\n\t\t\t<div class=\"elementor-widget-wrap\">\n\t\t\t\t\t\t\t\t\t<\/div>\n\t\t<\/div>\n\t\t\t\t\t\t\t<\/div>\n\t\t<\/section>\n\t\t\t\t<section class=\"elementor-section elementor-top-section elementor-element elementor-element-660b7ed elementor-section-full_width elementor-section-height-default elementor-section-height-default\" data-id=\"660b7ed\" data-element_type=\"section\" data-settings=\"{&quot;background_background&quot;:&quot;classic&quot;}\">\n\t\t\t\t\t\t<div class=\"elementor-container elementor-column-gap-default\">\n\t\t\t\t\t<div class=\"elementor-column elementor-col-33 elementor-top-column elementor-element elementor-element-d9802ce\" data-id=\"d9802ce\" data-element_type=\"column\">\n\t\t\t<div class=\"elementor-widget-wrap\">\n\t\t\t\t\t\t\t\t\t<\/div>\n\t\t<\/div>\n\t\t\t\t<div class=\"elementor-column elementor-col-33 elementor-top-column elementor-element elementor-element-db00c2c elementor-hidden-desktop\" data-id=\"db00c2c\" data-element_type=\"column\" data-settings=\"{&quot;background_background&quot;:&quot;classic&quot;}\">\n\t\t\t<div class=\"elementor-widget-wrap elementor-element-populated\">\n\t\t\t\t\t\t\t\t<div class=\"elementor-element elementor-element-4f39e89 elementor-widget elementor-widget-heading\" data-id=\"4f39e89\" data-element_type=\"widget\" data-widget_type=\"heading.default\">\n\t\t\t\t<div class=\"elementor-widget-container\">\n\t\t\t<h2 class=\"elementor-heading-title elementor-size-default\">Create your account and try it free for 7 days<\/h2>\t\t<\/div>\n\t\t\t\t<\/div>\n\t\t\t\t<div class=\"elementor-element elementor-element-f555c2c elementor-widget elementor-widget-meafe-cf7\" data-id=\"f555c2c\" data-element_type=\"widget\" data-widget_type=\"meafe-cf7.default\">\n\t\t\t\t<div class=\"elementor-widget-container\">\n\t\t\t\n<div class=\"wpcf7 no-js\" id=\"wpcf7-f8677-o2\" lang=\"pt-BR\" dir=\"ltr\">\n<div class=\"screen-reader-response\"><p role=\"status\" aria-live=\"polite\" aria-atomic=\"true\"><\/p> <ul><\/ul><\/div>\n<form action=\"\/en\/wp-json\/wp\/v2\/pages\/8845#wpcf7-f8677-o2\" method=\"post\" class=\"wpcf7-form init meafe-cf7-form form-content-2\" aria-label=\"Formul\u00e1rios de contato\" novalidate=\"novalidate\" data-status=\"init\">\n<div style=\"display: none;\">\n<input type=\"hidden\" name=\"_wpcf7\" value=\"8677\" \/>\n<input type=\"hidden\" name=\"_wpcf7_version\" value=\"5.8\" \/>\n<input type=\"hidden\" name=\"_wpcf7_locale\" value=\"pt_BR\" \/>\n<input type=\"hidden\" name=\"_wpcf7_unit_tag\" value=\"wpcf7-f8677-o2\" \/>\n<input type=\"hidden\" name=\"_wpcf7_container_post\" value=\"0\" \/>\n<input type=\"hidden\" name=\"_wpcf7_posted_data_hash\" value=\"\" \/>\n<\/div>\n<p><label> Full Name<br \/>\n<span class=\"wpcf7-form-control-wrap\" data-name=\"nome\"><input size=\"40\" class=\"wpcf7-form-control wpcf7-text wpcf7-validates-as-required\" aria-required=\"true\" aria-invalid=\"false\" value=\"\" type=\"text\" name=\"nome\" \/><\/span><\/label>\n<\/p>\n<p><label>E-mail<br \/>\n<span class=\"wpcf7-form-control-wrap\" data-name=\"email\"><input size=\"40\" class=\"wpcf7-form-control wpcf7-email wpcf7-validates-as-required wpcf7-text wpcf7-validates-as-email\" aria-required=\"true\" aria-invalid=\"false\" value=\"\" type=\"email\" name=\"email\" \/><\/span><\/label>\n<\/p>\n<p><label> Telephone<br \/>\n<span class=\"wpcf7-form-control-wrap\" data-name=\"tel\"><input size=\"40\" class=\"wpcf7-form-control wpcf7-tel wpcf7-validates-as-required wpcf7-text wpcf7-validates-as-tel\" aria-required=\"true\" aria-invalid=\"false\" value=\"\" type=\"tel\" name=\"tel\" \/><\/span><\/label>\n<\/p>\n<p><label> Company Name<br \/>\n<span class=\"wpcf7-form-control-wrap\" data-name=\"nomedaempresa\"><input size=\"40\" class=\"wpcf7-form-control wpcf7-text\" aria-invalid=\"false\" value=\"\" type=\"text\" name=\"nomedaempresa\" \/><\/span><\/label>\n<\/p>\n<p><label>Type of Company<br \/>\n<span class=\"wpcf7-form-control-wrap\" data-name=\"empresa\"><select class=\"wpcf7-form-control wpcf7-select\" aria-invalid=\"false\" name=\"empresa\"><option value=\"\"><\/option><option value=\"MEI, micro and small companies\">MEI, micro and small companies<\/option><option value=\"Medium-sized companies\">Medium-sized companies<\/option><option value=\"Large companies\">Large companies<\/option><\/select><\/span><\/label>\n<\/p>\n<p><label>Segment<br \/>\n<span class=\"wpcf7-form-control-wrap\" data-name=\"segmento\"><select class=\"wpcf7-form-control wpcf7-select\" aria-invalid=\"false\" name=\"segmento\"><option value=\"\"><\/option><option value=\"Construction\">Construction<\/option><option value=\"Consulting\">Consulting<\/option><option value=\"Education\">Education<\/option><option value=\"Energy\">Energy<\/option><option value=\"Financial Services\">Financial Services<\/option><option value=\"Healthcare\">Healthcare<\/option><option value=\"Legal\">Legal<\/option><option value=\"Manufacturing\">Manufacturing<\/option><option value=\"Marketing\">Marketing<\/option><option value=\"Non-Governmental Organization\">Non-Governmental Organization<\/option><option value=\"Sales\">Sales<\/option><option value=\"Tourism\">Tourism<\/option><option value=\"Technology\">Technology<\/option><option value=\"Telecommunications\">Telecommunications<\/option><option value=\"Transportation\">Transportation<\/option><option value=\"Other\">Other<\/option><\/select><\/span><\/label>\n<\/p>\n<p><label>Office<br \/>\n<span class=\"wpcf7-form-control-wrap\" data-name=\"cargo\"><select class=\"wpcf7-form-control wpcf7-select\" aria-invalid=\"false\" name=\"cargo\"><option value=\"\"><\/option><option value=\"Administrative \/ Financial\">Administrative \/ Financial<\/option><option value=\"Human Resources\">Human Resources<\/option><option value=\"IT \/ Systems Development\">IT \/ Systems Development<\/option><option value=\"Marketing\">Marketing<\/option><option value=\"Operations\">Operations<\/option><option value=\"Owner \/ CEO\">Owner \/ CEO<\/option><option value=\"Sales Control\">Sales Control<\/option><option value=\"Quality Control\">Quality Control<\/option><option value=\"Sales\">Sales<\/option><option value=\"Other\">Other<\/option><\/select><\/span><\/label>\n<\/p>\n<p><label>Employees<br \/>\n<span class=\"wpcf7-form-control-wrap\" data-name=\"empregados\"><select class=\"wpcf7-form-control wpcf7-select\" aria-invalid=\"false\" name=\"empregados\"><option value=\"1-10\">1-10<\/option><option value=\"11-50\">11-50<\/option><option value=\"51-200\">51-200<\/option><option value=\"201-500\">201-500<\/option><option value=\"501-1000\">501-1000<\/option><option value=\"1001-5000\">1001-5000<\/option><option value=\"5001-10000\">5001-10000<\/option><option value=\"10000+\">10000+<\/option><\/select><\/span><\/label>\n<\/p>\n<p><label>Country<br \/>\n<span class=\"wpcf7-form-control-wrap\" data-name=\"Pas\"><select class=\"wpcf7-form-control wpcf7-select\" aria-invalid=\"false\" name=\"Pas\"><option value=\"BraZil\">BraZil<\/option><\/select><\/span><\/label>\n<\/p>\n<p><label>Zip Code<br \/>\n<span class=\"wpcf7-form-control-wrap\" data-name=\"cep\"><input size=\"40\" class=\"wpcf7-form-control wpcf7-text\" aria-invalid=\"false\" value=\"\" type=\"text\" name=\"cep\" \/><\/span><\/label>\n<\/p>\n<p><label>Address<br \/>\n<span class=\"wpcf7-form-control-wrap\" data-name=\"endereco\"><input size=\"40\" class=\"wpcf7-form-control wpcf7-text\" aria-invalid=\"false\" value=\"\" type=\"text\" name=\"endereco\" \/><\/span><\/label>\n<\/p>\n<p><label>Complement<br \/>\n<span class=\"wpcf7-form-control-wrap\" data-name=\"complemento\"><input size=\"40\" class=\"wpcf7-form-control wpcf7-text\" aria-invalid=\"false\" value=\"\" type=\"text\" name=\"complemento\" \/><\/span><\/label>\n<\/p>\n<p><label>City<br \/>\n<span class=\"wpcf7-form-control-wrap\" data-name=\"cidade\"><input size=\"40\" class=\"wpcf7-form-control wpcf7-text\" aria-invalid=\"false\" value=\"\" type=\"text\" name=\"cidade\" \/><\/span><\/label>\n<\/p>\n<p><label>Neighborhood<br \/>\n<span class=\"wpcf7-form-control-wrap\" data-name=\"bairro\"><input size=\"40\" class=\"wpcf7-form-control wpcf7-text\" aria-invalid=\"false\" value=\"\" type=\"text\" name=\"bairro\" \/><\/span><\/label>\n<\/p>\n<p><label>State<br \/>\n<span class=\"wpcf7-form-control-wrap\" data-name=\"estado\"><input size=\"40\" class=\"wpcf7-form-control wpcf7-text\" aria-invalid=\"false\" value=\"\" type=\"text\" name=\"estado\" \/><\/span><\/label>\n<\/p>\n<p><input class=\"wpcf7-form-control wpcf7-submit has-spinner\" type=\"submit\" value=\"Register now\" \/>\n<\/p><div class=\"wpcf7-response-output\" aria-hidden=\"true\"><\/div>\n<\/form>\n<\/div>\n\t\t<\/div>\n\t\t\t\t<\/div>\n\t\t\t\t\t<\/div>\n\t\t<\/div>\n\t\t\t\t<div class=\"elementor-column elementor-col-33 elementor-top-column elementor-element elementor-element-cc22fee\" data-id=\"cc22fee\" data-element_type=\"column\">\n\t\t\t<div class=\"elementor-widget-wrap\">\n\t\t\t\t\t\t\t\t\t<\/div>\n\t\t<\/div>\n\t\t\t\t\t\t\t<\/div>\n\t\t<\/section>\n\t\t\t\t\t\t\t<\/div>\n\t\t","protected":false},"excerpt":{"rendered":"<p>Create your account and try it free for 7 days Nome Completo E-mail Telefone Nome da Empresa Tipo de Empresa MEI, micro e pequenas empresasM\u00e9dias empresasGrandes empresas Segmento Constru\u00e7\u00e3oConsultoriaEduca\u00e7\u00e3oEnergiaServi\u00e7os FinanceirosSa\u00fadeJur\u00eddicoInd\u00fastriaMarketingOrganiza\u00e7\u00e3o [&hellip;]<\/p>\n","protected":false},"author":4,"featured_media":0,"parent":0,"menu_order":0,"comment_status":"closed","ping_status":"closed","template":"elementor_header_footer","meta":{"footnotes":""},"class_list":["post-8845","page","type-page","status-publish","hentry","rishi-post","no-post-thumbnail"],"rishi__cb_customizer_meta":"","_links":{"self":[{"href":"https:\/\/hzhockets.com\/en\/wp-json\/wp\/v2\/pages\/8845","targetHints":{"allow":["GET"]}}],"collection":[{"href":"https:\/\/hzhockets.com\/en\/wp-json\/wp\/v2\/pages"}],"about":[{"href":"https:\/\/hzhockets.com\/en\/wp-json\/wp\/v2\/types\/page"}],"author":[{"embeddable":true,"href":"https:\/\/hzhockets.com\/en\/wp-json\/wp\/v2\/users\/4"}],"replies":[{"embeddable":true,"href":"https:\/\/hzhockets.com\/en\/wp-json\/wp\/v2\/comments?post=8845"}],"version-history":[{"count":3,"href":"https:\/\/hzhockets.com\/en\/wp-json\/wp\/v2\/pages\/8845\/revisions"}],"predecessor-version":[{"id":9033,"href":"https:\/\/hzhockets.com\/en\/wp-json\/wp\/v2\/pages\/8845\/revisions\/9033"}],"wp:attachment":[{"href":"https:\/\/hzhockets.com\/en\/wp-json\/wp\/v2\/media?parent=8845"}],"curies":[{"name":"wp","href":"https:\/\/api.w.org\/{rel}","templated":true}]}}